{"id":68,"date":"2025-01-08T10:44:05","date_gmt":"2025-01-08T08:44:05","guid":{"rendered":"http:\/\/taekwondo-loppi.fi\/?page_id=68"},"modified":"2026-03-25T13:53:13","modified_gmt":"2026-03-25T11:53:13","slug":"seura","status":"publish","type":"page","link":"https:\/\/taekwondo-loppi.fi\/?page_id=68","title":{"rendered":"Seura"},"content":{"rendered":"\n    \n    <section class=\"u-clearfix u-section-2\" id=\"sec-d1a0\">\n      <div class=\"u-clearfix u-sheet u-sheet-1\">\n        <p class=\"u-text u-text-default u-text-1\"><span style=\"font-weight: 700;\"><\/span>Seuramme harjoittaa&nbsp;<a title=\"virallinen sivu (englanti)\" name=\"virallinen sivu (englanti)\" target=\"_blank\" href=\"http:\/\/www.worldtaekwondo.org\/\" class=\"u-active-none u-border-none u-btn u-button-style u-hover-none u-none u-text-palette-1-base u-btn-1\">World Taekwondo<\/a>n&nbsp;mukaista Taekwondoa, mik\u00e4 on my\u00f6s virallinen olympialaji. Taekwondo on potkupainotteinen laji, joka voidaan jakaa viiteen osa-alueeseen:<br>ottelu (kyorugi)<br>askelottelu (ilbon kyorugi)<br>liikesarja (poomsae)<br>itsepuolustus (hosinsul)<br>murskaus (kyukpa)<br>Viikkoharjoituksiamme ohjaavat p\u00e4\u00e4s\u00e4\u00e4nt\u00f6isesti seuramme edistyneemm\u00e4t j\u00e4senet.<br>T\u00e4m\u00e4n lis\u00e4ksi kuukausittain seurassamme k\u00e4y opettamassa&nbsp;<a title=\"Lis\u00e4tietoa\" target=\"_blank\" href=\"http:\/\/www.taekwondo-loppi.fi\/index.php?section=30%20name=\" class=\"u-active-none u-border-none u-btn u-button-style u-hover-none u-none u-text-palette-1-base u-btn-2\">Reijo Lehmus&nbsp;<\/a>(4 Dan) sek\u00e4 Suurmestari&nbsp;<a name=\"Lis\u00e4tietoa\" title=\"Lis\u00e4tietoa\" target=\"_blank\" href=\"http:\/\/www.taekwondo-loppi.fi\/index.php?section=28\" class=\"u-active-none u-border-none u-btn u-button-style u-hover-none u-none u-text-palette-1-base u-btn-3\">Dae Jin Hwang<\/a>&nbsp;(9 Dan).<br>Harjoituspaikka<br>Salimme sijaitsee Lopen Osuuspankin alakerrassa, osoitteessaKauppatie 2, 12700 Loppi&nbsp;Harjoitusajat&nbsp;Aikataulu voimassa kev\u00e4tkauden 2023<u>Alemmat vy\u00f6t<br><\/u>&nbsp;Maanantai &nbsp; &nbsp; &nbsp; &nbsp; &nbsp;&nbsp; &nbsp;&nbsp;Keskiviikko&nbsp; &nbsp; &nbsp; &nbsp; &nbsp; &nbsp; &nbsp;<br>Klo18:00-19:0018:00-19:00&nbsp;<u>Ylemm\u00e4t vy\u00f6t<\/u>&nbsp;Maanantai &nbsp; &nbsp; &nbsp; &nbsp; &nbsp; &nbsp; &nbsp;&nbsp;Keskiviikko &nbsp; &nbsp; &nbsp; &nbsp; &nbsp;&nbsp; &nbsp;&nbsp;Klo19:00-20:0019:00-20:00&nbsp;Hinnan muodostuminen:Peruskurssi: 80\u20acmuut:<br>HarrastajiaJ\u00e4senmaksuKausimaksualennusYhteens\u00e4115\u20ac80\u20ac0%95,00\u20ac230\u20ac160\u20ac20%158,00\u20ac345\u20ac240\u20ac30%213,00\u20ac460\u20ac320\u20ac30%284,00\u20ac<br>Lis\u00e4ksi 9KUP suorittaa liittymismaksun (15\u20ac).<br>Uuden passin tilaaminen maksaa 12\u20ac.Maksuv\u00e4lineen\u00e4 k\u00e4y my\u00f6s Smartum liikuntasetelit.<br>\n          <br>\n          <br>Seuran tilinumero:<br>OP Loppi<br>BIC OKOYFIHH<br>525315-20025470<br>FI37 5253 1520 0254 70<br>&nbsp;<br>&nbsp;<br>&nbsp;Vy\u00f6koehinnasto<br>\n          <br>9,8,7 KUP (30\u20ac) + 10\u20ac vy\u00f6nhinta<br>\n          <br>6,5,4 KUP \u200b(35\u20ac) + 10\u20ac vy\u00f6nhinta<br>\n          <br>3,2,1 KUP \u200b(40\u20ac) + 10\u20ac vy\u00f6nhinta<br>\n          <br>Vy\u00f6koemaksut perit\u00e4\u00e4n vy\u00f6kokeisiin osallistujilta vy\u00f6koetilaisuudessa.Graduointiin voi osallistua, kun harjoituspassissa on riitt\u00e4v\u00e4sti harjoituskertoja ja minimiaika vy\u00f6lle tulee t\u00e4yteen. Seuran vastuuopettajat valvovat, ett\u00e4 harrastaja on valmis osallistumaan vy\u00f6kokeeseen sek\u00e4 henkisesti ett\u00e4 taidollisesti.&nbsp;\n        <\/p>\n      <\/div>\n    <\/section>\n    \n    \n    \n    \n  \n","protected":false},"excerpt":{"rendered":"<p>Seuramme harjoittaa&nbsp;World Taekwondon&nbsp;mukaista Taekwondoa, mik\u00e4 on my\u00f6s virallinen olympialaji. Taekwondo on potkupainotteinen laji, joka voidaan jakaa viiteen osa-alueeseen:ottelu (kyorugi)askelottelu (ilbon kyorugi)liikesarja (poomsae)itsepuolustus (hosinsul)murskaus (kyukpa)Viikkoharjoituksiamme ohjaavat p\u00e4\u00e4s\u00e4\u00e4nt\u00f6isesti seuramme edistyneemm\u00e4t j\u00e4senet.T\u00e4m\u00e4n lis\u00e4ksi kuukausittain seurassamme k\u00e4y opettamassa&nbsp;Reijo Lehmus&nbsp;(4 Dan) sek\u00e4 Suurmestari&nbsp;Dae Jin Hwang&nbsp;(9 Dan).HarjoituspaikkaSalimme sijaitsee Lopen Osuuspankin alakerrassa, osoitteessaKauppatie 2, 12700 Loppi&nbsp;Harjoitusajat&nbsp;Aikataulu voimassa kev\u00e4tkauden 2023Alemmat vy\u00f6t&nbsp;Maanantai &nbsp; &nbsp; &hellip; <a href=\"https:\/\/taekwondo-loppi.fi\/?page_id=68\" class=\"more-link\">Continue reading<span class=\"screen-reader-text\"> &#8221;Seura&#8221;<\/span><\/a><\/p>\n","protected":false},"author":1,"featured_media":0,"parent":0,"menu_order":0,"comment_status":"closed","ping_status":"closed","template":"","meta":{"footnotes":""},"class_list":["post-68","page","type-page","status-publish","hentry"],"_links":{"self":[{"href":"https:\/\/taekwondo-loppi.fi\/index.php?rest_route=\/wp\/v2\/pages\/68","targetHints":{"allow":["GET"]}}],"collection":[{"href":"https:\/\/taekwondo-loppi.fi\/index.php?rest_route=\/wp\/v2\/pages"}],"about":[{"href":"https:\/\/taekwondo-loppi.fi\/index.php?rest_route=\/wp\/v2\/types\/page"}],"author":[{"embeddable":true,"href":"https:\/\/taekwondo-loppi.fi\/index.php?rest_route=\/wp\/v2\/users\/1"}],"replies":[{"embeddable":true,"href":"https:\/\/taekwondo-loppi.fi\/index.php?rest_route=%2Fwp%2Fv2%2Fcomments&post=68"}],"version-history":[{"count":4,"href":"https:\/\/taekwondo-loppi.fi\/index.php?rest_route=\/wp\/v2\/pages\/68\/revisions"}],"predecessor-version":[{"id":396,"href":"https:\/\/taekwondo-loppi.fi\/index.php?rest_route=\/wp\/v2\/pages\/68\/revisions\/396"}],"wp:attachment":[{"href":"https:\/\/taekwondo-loppi.fi\/index.php?rest_route=%2Fwp%2Fv2%2Fmedia&parent=68"}],"curies":[{"name":"wp","href":"https:\/\/api.w.org\/{rel}","templated":true}]}}