{"id":64,"date":"2024-08-26T07:59:05","date_gmt":"2024-08-26T04:59:05","guid":{"rendered":"http:\/\/taekwondo-loppi.fi\/?page_id=64"},"modified":"2025-06-08T10:56:40","modified_gmt":"2025-06-08T07:56:40","slug":"yhteistiedot","status":"publish","type":"page","link":"https:\/\/taekwondo-loppi.fi\/?page_id=64","title":{"rendered":"Yhteistiedot"},"content":{"rendered":"\n    \n    <section class=\"u-clearfix u-container-align-center u-section-2\" id=\"carousel_49f4\">\n      <div class=\"u-clearfix u-sheet u-valign-middle u-sheet-1\">\n        <div class=\"data-layout-selected u-clearfix u-expanded-width u-layout-wrap u-layout-wrap-1\">\n          <div class=\"u-layout\">\n            <div class=\"u-layout-row\">\n              <div class=\"u-container-style u-grey-5 u-layout-cell u-size-30 u-layout-cell-1\">\n                <div class=\"u-container-layout u-container-layout-1\">\n                  <h2 class=\"u-text u-text-default u-text-1\">Yhteystiedot <\/h2>\n                  <p class=\"u-text u-text-2\"> Salimme sijaitsee Lopen Osuuspankin alakerrassa, osoitteessa:&nbsp;<br>Kauppatie 2, 12700 Loppi<br>\n                    <br>Seuran toimintaan ja Taekwondoon liittyviss\u00e4 kysymyksiss\u00e4,&nbsp;&nbsp;voitte ottaa yhteytt\u00e4 seuraaviin henkil\u00f6ihin:<br>\n                    <br>\n                    <span style=\"font-weight: 700;\">Pentti K. Huttunen:<\/span>\n                    <br>050 549 0424<br>pentti.k.huttunen (at) gmail.com<br>\n                    <br>\n                    <span style=\"font-weight: 700;\">Jyrki Ravantti:<\/span>\n                    <br>040 572 2507<br>jykeman (at) gmail.com<br>\n                    <br>\n                    <span style=\"font-weight: 700;\">Seuran tilinumero:<\/span>\n                    <br>OP Loppi<br>525315-20025470<br>FI37 5253 1520 0254 70<br>BIC<br>OKOYFIHH<br>\n                    <br>\n                  <\/p>\n                <\/div>\n              <\/div>\n              <div class=\"u-container-align-center u-container-style u-layout-cell u-shape-rectangle u-size-30 u-layout-cell-2\">\n                <div class=\"u-container-layout u-container-layout-2\">\n                  <div class=\"u-absolute-hcenter u-expanded u-grey-light-2 u-map\">\n                    <div class=\"embed-responsive\">\n                      <iframe class=\"embed-responsive-item\" src=\"https:\/\/maps.google.com\/maps?output=embed&amp;q=Kauppatie%202%2C%2012700%20Loppi%0A&amp;z=17&amp;t=m\" data-map=\"JTdCJTIyYWRkcmVzcyUyMiUzQSUyMkthdXBwYXRpZSUyMDIlMkMlMjAxMjcwMCUyMExvcHBpJTVDbiUyMiUyQyUyMnpvb20lMjIlM0ExNyUyQyUyMnR5cGVJZCUyMiUzQSUyMnJvYWQlMjIlMkMlMjJsYW5nJTIyJTNBbnVsbCUyQyUyMmFwaUtleSUyMiUzQW51bGwlMkMlMjJtYXJrZXJzJTIyJTNBJTVCJTVEJTdE\"><\/iframe>\n                    <\/div>\n                  <\/div>\n                <\/div>\n              <\/div>\n            <\/div>\n          <\/div>\n        <\/div>\n      <\/div>\n    <\/section>\n    <section class=\"u-clearfix u-container-align-center u-palette-1-dark-3 u-section-3\" id=\"carousel_b51f\">\n      <div class=\"u-clearfix u-sheet u-valign-middle u-sheet-1\">\n        <div class=\"data-layout-selected u-clearfix u-expanded-width u-gutter-28 u-layout-wrap u-layout-wrap-1\">\n          <div class=\"u-layout\">\n            <div class=\"u-layout-row\">\n              <div class=\"u-align-left u-container-align-left u-container-style u-layout-cell u-right-cell u-size-60 u-layout-cell-1\">\n                <div class=\"u-container-layout u-valign-middle u-container-layout-1\">\n                  <h2 class=\"u-align-left u-text u-text-1\"> Yhteydenottopyynt\u00f6<\/h2>\n                  <div class=\"u-form u-form-1\">\n                    <form action=\"https:\/\/forms.nicepagesrv.com\/v2\/form\/process\" class=\"u-clearfix u-form-spacing-20 u-form-vertical u-inner-form\" style=\"padding: 0px;\" source=\"email\" name=\"form\">\n                      <div class=\"u-form-email u-form-group u-form-partition-factor-2 u-form-group-1\">\n                        <label for=\"email-b04a\" class=\"u-form-control-hidden u-label\">Email<\/label>\n                        <input type=\"email\" placeholder=\"S\u00e4hk\u00f6posti osoite\" id=\"email-b04a\" name=\"email\" class=\"u-border-none u-input u-input-rectangle\" required=\"\">\n                      <\/div>\n                      <div class=\"u-form-group u-form-name u-form-partition-factor-2 u-form-group-2\">\n                        <label for=\"name-b04a\" class=\"u-form-control-hidden u-label\">Name<\/label>\n                        <input type=\"text\" placeholder=\"Nimesi\" id=\"name-b04a\" name=\"name\" class=\"u-border-none u-input u-input-rectangle\" required=\"\">\n                      <\/div>\n                      <div class=\"u-form-group u-form-phone u-form-group-3\">\n                        <label for=\"phone-6f45\" class=\"u-form-control-hidden u-label\">Phone<\/label>\n                        <input type=\"tel\" pattern=\"\\+?\\d{0,2}[\\s\\(\\-]?([0-9]{3})[\\s\\)\\-]?([\\s\\-]?)([0-9]{3})[\\s\\-]?([0-9]{2})[\\s\\-]?([0-9]{2})\" placeholder=\"Puhelinnumero\" id=\"phone-6f45\" name=\"phone\" class=\"u-border-none u-input u-input-rectangle\" required=\"\">\n                      <\/div>\n                      <div class=\"u-form-group u-form-message u-form-group-4\">\n                        <label for=\"message-b04a\" class=\"u-form-control-hidden u-label\">Message<\/label>\n                        <textarea placeholder=\"Viestisi\" rows=\"4\" cols=\"50\" id=\"message-b04a\" name=\"message\" class=\"u-border-none u-input u-input-rectangle\" required=\"\"><\/textarea>\n                      <\/div>\n                      <div class=\"u-align-left u-form-group u-form-submit u-form-group-5\">\n                        <a href=\"#\" class=\"u-border-none u-btn u-btn-submit u-button-style u-palette-2-base u-btn-1\">L\u00e4het\u00e4<\/a>\n                        <input type=\"submit\" value=\"submit\" class=\"u-form-control-hidden\">\n                      <\/div>\n                      <div class=\"u-form-send-message u-form-send-success\"> Thank you! Your message has been sent. <\/div>\n                      <div class=\"u-form-send-error u-form-send-message\"> Unable to send your message. Please fix errors then try again. <\/div>\n                      <input type=\"hidden\" value=\"\" name=\"recaptchaResponse\">\n                      <input type=\"hidden\" name=\"formServices\" value=\"9c3fbb7d-5f7b-a495-2abd-9d596a9881a6\">\n                    <\/form>\n                  <\/div>\n                  <div class=\"u-social-icons u-spacing-10 u-social-icons-1\">\n                    <a class=\"u-social-url\" target=\"_blank\" href=\"https:\/\/www.facebook.com\/groups\/Loppi\/?ref=ts&amp;fref=ts\" title=\"\">\n                      <span class=\"u-icon u-icon-circle u-social-facebook u-social-icon u-icon-1\">\n                        <svg class=\"u-svg-link\" preserveAspectRatio=\"xMidYMin slice\" viewBox=\"0 0 112.2 112.2\" style=\"\"><use xlink:href=\"#svg-5f4f\"><\/use><\/svg>\n                        <svg x=\"0px\" y=\"0px\" viewBox=\"0 0 112.2 112.2\" enable-background=\"new 0 0 112.2 112.2\" xml:space=\"preserve\" id=\"svg-5f4f\" class=\"u-svg-content\"><path d=\"M75.5,28.8H65.4c-1.5,0-4,0.9-4,4.3v9.4h13.9l-1.5,15.8H61.4v45.1H42.8V58.3h-8.8V42.4h8.8V32.2 c0-7.4,3.4-18.8,18.8-18.8h13.8v15.4H75.5z\"><\/path><\/svg>\n                      <\/span>\n                    <\/a>\n                    <a class=\"u-social-url\" target=\"_blank\" href=\"https:\/\/x.com\/#!\/Taekwondo_Loppi\" title=\"\">\n                      <span class=\"u-file-icon u-icon u-social-icon u-social-twitter u-icon-2\">\n                        <img decoding=\"async\" src=\"https:\/\/taekwondo-loppi.fi\/wp-content\/uploads\/2025\/01\/X_logo_2023_white.png\" alt=\"\">\n                      <\/span>\n                    <\/a>\n                    <a class=\"u-social-url\" target=\"_blank\" href=\"https:\/\/www.youtube.com\/user\/TaekwondoLoppiRy\" title=\"\">\n                      <span class=\"u-file-icon u-icon u-social-icon u-social-instagram u-icon-3\">\n                        <img decoding=\"async\" src=\"https:\/\/taekwondo-loppi.fi\/wp-content\/uploads\/2025\/01\/3767230.png\" alt=\"\">\n                      <\/span>\n                    <\/a>\n                  <\/div>\n                <\/div>\n              <\/div>\n            <\/div>\n          <\/div>\n        <\/div>\n      <\/div>\n    <\/section>\n    \n    \n    \n    \n  \n","protected":false},"excerpt":{"rendered":"<p>Yhteystiedot Salimme sijaitsee Lopen Osuuspankin alakerrassa, osoitteessa:&nbsp;Kauppatie 2, 12700 Loppi Seuran toimintaan ja Taekwondoon liittyviss\u00e4 kysymyksiss\u00e4,&nbsp;&nbsp;voitte ottaa yhteytt\u00e4 seuraaviin henkil\u00f6ihin: Pentti K. Huttunen: 050 549 0424pentti.k.huttunen (at) gmail.com Jyrki Ravantti: 040 572 2507jykeman (at) gmail.com Seuran tilinumero: OP Loppi525315-20025470FI37 5253 1520 0254 70BICOKOYFIHH Yhteydenottopyynt\u00f6 Email Name Phone Message L\u00e4het\u00e4 Thank you! Your message has been &hellip; <a href=\"https:\/\/taekwondo-loppi.fi\/?page_id=64\" class=\"more-link\">Continue reading<span class=\"screen-reader-text\"> &#8221;Yhteistiedot&#8221;<\/span><\/a><\/p>\n","protected":false},"author":1,"featured_media":0,"parent":0,"menu_order":0,"comment_status":"closed","ping_status":"closed","template":"","meta":{"footnotes":""},"class_list":["post-64","page","type-page","status-publish","hentry"],"_links":{"self":[{"href":"https:\/\/taekwondo-loppi.fi\/index.php?rest_route=\/wp\/v2\/pages\/64","targetHints":{"allow":["GET"]}}],"collection":[{"href":"https:\/\/taekwondo-loppi.fi\/index.php?rest_route=\/wp\/v2\/pages"}],"about":[{"href":"https:\/\/taekwondo-loppi.fi\/index.php?rest_route=\/wp\/v2\/types\/page"}],"author":[{"embeddable":true,"href":"https:\/\/taekwondo-loppi.fi\/index.php?rest_route=\/wp\/v2\/users\/1"}],"replies":[{"embeddable":true,"href":"https:\/\/taekwondo-loppi.fi\/index.php?rest_route=%2Fwp%2Fv2%2Fcomments&post=64"}],"version-history":[{"count":9,"href":"https:\/\/taekwondo-loppi.fi\/index.php?rest_route=\/wp\/v2\/pages\/64\/revisions"}],"predecessor-version":[{"id":290,"href":"https:\/\/taekwondo-loppi.fi\/index.php?rest_route=\/wp\/v2\/pages\/64\/revisions\/290"}],"wp:attachment":[{"href":"https:\/\/taekwondo-loppi.fi\/index.php?rest_route=%2Fwp%2Fv2%2Fmedia&parent=64"}],"curies":[{"name":"wp","href":"https:\/\/api.w.org\/{rel}","templated":true}]}}