{"id":305,"date":"2025-01-08T14:46:16","date_gmt":"2025-01-08T12:46:16","guid":{"rendered":"http:\/\/taekwondo-loppi.fi\/?page_id=305"},"modified":"2025-06-08T10:49:30","modified_gmt":"2025-06-08T07:49:30","slug":"historia","status":"publish","type":"page","link":"https:\/\/taekwondo-loppi.fi\/?page_id=305","title":{"rendered":"Historia"},"content":{"rendered":"\n    \n    <section class=\"u-clearfix u-section-2\" id=\"sec-c843\">\n      <div class=\"u-clearfix u-sheet u-sheet-1\">\n        <p class=\"u-text u-text-default u-text-1\"> Ennen&nbsp;Syyskuussa vuonna 1996 Lopelle saapui Suurmestari&nbsp;Dae Jin Hwangin&nbsp;sek\u00e4&nbsp;Reijo Lehmuksen&nbsp;johdolla ryhm\u00e4 Taekwondon harrastajia esittelem\u00e4\u00e4n itsepuolustuslajiaan.<br>\n          <br>Silloisen Lopen Kunnan nuoriso- ja liikuntatoimen johtajan&nbsp;Sisko Keskitalon&nbsp;avustuksella lajitoiminta aloitettiin ja ensimm\u00e4iselle alkeiskurssille osallistuikin l\u00e4hes 30 lajista kiinnostunutta. Virallisesti seura tosin rekister\u00f6itiin vuonna 1998 ja seuran nimeksi otettiin<br>Tae Kwon Do Moo Do Loppi ry.<br>\n          <br>Vuosien saatossa olemme j\u00e4rjest\u00e4neet erilaisia erikoiskoulutuksia sek\u00e4 tutustuneet muihin kamppailulajeihin kuten&nbsp;Krav magaan,&nbsp;Brasilian Jiu Jitsuun&nbsp;sek\u00e4&nbsp;Muay-Thaihin.&nbsp;Nyt&nbsp;Seuramme toiminta on vakiintunut ja aktiiviharrastajia seuralla on n. 30. Vuosittain j\u00e4rjest\u00e4miemme peruskurssien suosio on kasvussa ja t\u00e4n\u00e4 kev\u00e4\u00e4n\u00e4 alkoi jo 21:s kurssi.\n        <\/p>\n      <\/div>\n    <\/section>\n    \n    \n    \n    \n  \n","protected":false},"excerpt":{"rendered":"<p>Ennen&nbsp;Syyskuussa vuonna 1996 Lopelle saapui Suurmestari&nbsp;Dae Jin Hwangin&nbsp;sek\u00e4&nbsp;Reijo Lehmuksen&nbsp;johdolla ryhm\u00e4 Taekwondon harrastajia esittelem\u00e4\u00e4n itsepuolustuslajiaan. Silloisen Lopen Kunnan nuoriso- ja liikuntatoimen johtajan&nbsp;Sisko Keskitalon&nbsp;avustuksella lajitoiminta aloitettiin ja ensimm\u00e4iselle alkeiskurssille osallistuikin l\u00e4hes 30 lajista kiinnostunutta. Virallisesti seura tosin rekister\u00f6itiin vuonna 1998 ja seuran nimeksi otettiinTae Kwon Do Moo Do Loppi ry. Vuosien saatossa olemme j\u00e4rjest\u00e4neet erilaisia erikoiskoulutuksia sek\u00e4 &hellip; <a href=\"https:\/\/taekwondo-loppi.fi\/?page_id=305\" class=\"more-link\">Continue reading<span class=\"screen-reader-text\"> &#8221;Historia&#8221;<\/span><\/a><\/p>\n","protected":false},"author":1,"featured_media":0,"parent":0,"menu_order":0,"comment_status":"closed","ping_status":"closed","template":"","meta":{"footnotes":""},"class_list":["post-305","page","type-page","status-publish","hentry"],"_links":{"self":[{"href":"https:\/\/taekwondo-loppi.fi\/index.php?rest_route=\/wp\/v2\/pages\/305","targetHints":{"allow":["GET"]}}],"collection":[{"href":"https:\/\/taekwondo-loppi.fi\/index.php?rest_route=\/wp\/v2\/pages"}],"about":[{"href":"https:\/\/taekwondo-loppi.fi\/index.php?rest_route=\/wp\/v2\/types\/page"}],"author":[{"embeddable":true,"href":"https:\/\/taekwondo-loppi.fi\/index.php?rest_route=\/wp\/v2\/users\/1"}],"replies":[{"embeddable":true,"href":"https:\/\/taekwondo-loppi.fi\/index.php?rest_route=%2Fwp%2Fv2%2Fcomments&post=305"}],"version-history":[{"count":5,"href":"https:\/\/taekwondo-loppi.fi\/index.php?rest_route=\/wp\/v2\/pages\/305\/revisions"}],"predecessor-version":[{"id":357,"href":"https:\/\/taekwondo-loppi.fi\/index.php?rest_route=\/wp\/v2\/pages\/305\/revisions\/357"}],"wp:attachment":[{"href":"https:\/\/taekwondo-loppi.fi\/index.php?rest_route=%2Fwp%2Fv2%2Fmedia&parent=305"}],"curies":[{"name":"wp","href":"https:\/\/api.w.org\/{rel}","templated":true}]}}