{"id":2,"date":"2024-03-31T16:49:10","date_gmt":"2024-03-31T13:49:10","guid":{"rendered":"http:\/\/taekwondo-loppi.fi\/?page_id=2"},"modified":"2025-01-09T13:31:50","modified_gmt":"2025-01-09T11:31:50","slug":"esimerkkisivu","status":"publish","type":"page","link":"https:\/\/taekwondo-loppi.fi\/","title":{"rendered":"Etusivu"},"content":{"rendered":"\n    \n    <section class=\"u-clearfix u-section-2\" id=\"carousel_1e2d\">\n      <div class=\"u-clearfix u-sheet u-sheet-1\">\n        <div class=\"data-layout-selected u-clearfix u-expanded-width u-layout-wrap u-layout-wrap-1\">\n          <div class=\"u-layout\">\n            <div class=\"u-layout-row\">\n              <div class=\"u-container-style u-layout-cell u-size-42 u-layout-cell-1\">\n                <div class=\"u-container-layout u-valign-top u-container-layout-1\">\n                  <h4 class=\"u-text u-text-default u-text-1\"> Taekwondo MooDo Loppi Ry<br>\n                  <\/h4>\n                  <p class=\"u-text u-text-default u-text-2\"> Sivustoltamme l\u00f6yd\u00e4t yleist\u00e4 tietoa Taekwondosta sek\u00e4 Lopen Taekwondoseuran toiminnasta. Lopen Taekwondoseura palvelee kaikkia lajista kiinnostuneita paikkakunnasta riippumatta. Tervetuloa tutustumaan ja kokeilemaan hienoa Korealaista kamppailulajia!<\/p>\n                <\/div>\n              <\/div>\n              <div class=\"u-container-style u-layout-cell u-size-18 u-layout-cell-2\">\n                <div class=\"u-container-layout u-valign-top u-container-layout-2\">\n                  <img decoding=\"async\" class=\"u-image u-image-contain u-image-default u-image-1\" src=\"https:\/\/taekwondo-loppi.fi\/wp-content\/uploads\/2024\/08\/tk_ukkeli.png\" alt=\"\" data-image-width=\"286\" data-image-height=\"531\">\n                <\/div>\n              <\/div>\n            <\/div>\n          <\/div>\n        <\/div>\n      <\/div>\n    <\/section>\n    <section class=\"u-clearfix u-section-3\" id=\"sec-0f32\">\n      <div class=\"u-clearfix u-sheet u-sheet-1\">\n        <div class=\"u-widget u-widget-1\">\n\t\t<div class=\"widget widget_recent_entries\">\n\t\t<h2 class=\"widgettitle\">Viimeisimm\u00e4t artikkelit<\/h2>\n\t\t<ul>\n\t\t\t\t\t\t\t\t\t\t\t<li>\n\t\t\t\t\t<a href=\"https:\/\/taekwondo-loppi.fi\/?p=392\">Taekwondo Moodo Loppi Ry:n vuosikokous<\/a>\n\t\t\t\t\t\t\t\t\t<\/li>\n\t\t\t\t\t\t\t\t\t\t\t<li>\n\t\t\t\t\t<a href=\"https:\/\/taekwondo-loppi.fi\/?p=360\">7.6.2025 Suomen Taekwondo Unionin (STU) mustan vy\u00f6n koe<\/a>\n\t\t\t\t\t\t\t\t\t<\/li>\n\t\t\t\t\t\t\t\t\t\t\t<li>\n\t\t\t\t\t<a href=\"https:\/\/taekwondo-loppi.fi\/?p=350\">To 12.6.2025 Taekwondo Moodo Loppi Ry esitt\u00e4ytyy Lopen torilla<\/a>\n\t\t\t\t\t\t\t\t\t<\/li>\n\t\t\t\t\t\t\t\t\t\t\t<li>\n\t\t\t\t\t<a href=\"https:\/\/taekwondo-loppi.fi\/?p=348\">MA 26.5.2025 Onnea kaikille vy\u00f6kokeen suorittaneille ja oikein hyv\u00e4\u00e4 kes\u00e4\u00e4<\/a>\n\t\t\t\t\t\t\t\t\t<\/li>\n\t\t\t\t\t\t\t\t\t\t\t<li>\n\t\t\t\t\t<a href=\"https:\/\/taekwondo-loppi.fi\/?p=1\">Taekwondo MooDo Loppi Ry<\/a>\n\t\t\t\t\t\t\t\t\t<\/li>\n\t\t\t\t\t<\/ul>\n\n\t\t<\/div><\/div>\n      <\/div>\n    <\/section>\n    <section class=\"u-clearfix u-section-4\" id=\"sec-7f93\">\n      <div class=\"u-clearfix u-sheet u-sheet-1\"><\/div>\n    <\/section>\n    <section class=\"u-clearfix u-section-5\" id=\"sec-c654\">\n      <div class=\"u-clearfix u-sheet u-valign-middle u-sheet-1\">\n        <h4 class=\"u-align-center u-text u-text-default u-text-1\">Henkil\u00f6st\u00e4edut <\/h4>\n      <\/div>\n    <\/section>\n    <section class=\"u-clearfix u-section-6\" id=\"sec-9798\">\n      <div class=\"u-clearfix u-sheet u-sheet-1\">\n        <div class=\"data-layout-selected u-clearfix u-expanded-width u-layout-wrap u-layout-wrap-1\">\n          <div class=\"u-layout\">\n            <div class=\"u-layout-row\">\n              <div class=\"u-container-style u-layout-cell u-size-20 u-layout-cell-1\">\n                <div class=\"u-container-layout u-container-layout-1\">\n                  <img decoding=\"async\" class=\"u-image u-image-contain u-image-default u-image-1\" src=\"https:\/\/taekwondo-loppi.fi\/wp-content\/uploads\/2025\/01\/EpassiLogoSecondaryColorRGB.png\" alt=\"\" data-image-width=\"608\" data-image-height=\"830\">\n                <\/div>\n              <\/div>\n              <div class=\"u-container-style u-layout-cell u-size-20 u-layout-cell-2\">\n                <div class=\"u-container-layout u-container-layout-2\">\n                  <img decoding=\"async\" class=\"u-image u-image-contain u-image-default u-preserve-proportions u-image-2\" src=\"https:\/\/taekwondo-loppi.fi\/wp-content\/uploads\/2025\/01\/edenreds.png\" alt=\"\" data-image-width=\"182\" data-image-height=\"117\">\n                <\/div>\n              <\/div>\n              <div class=\"u-container-style u-layout-cell u-size-20 u-layout-cell-3\">\n                <div class=\"u-container-layout u-valign-middle u-container-layout-3\">\n                  <img decoding=\"async\" class=\"custom-expanded u-image u-image-contain u-image-default u-image-3\" src=\"https:\/\/taekwondo-loppi.fi\/wp-content\/uploads\/2025\/01\/SMARTUM_LOGO_RGB_BLACK.png\" alt=\"\" data-image-width=\"946\" data-image-height=\"178\">\n                <\/div>\n              <\/div>\n            <\/div>\n          <\/div>\n        <\/div>\n      <\/div>\n    <\/section>\n    \n    \n    \n    \n  \n","protected":false},"excerpt":{"rendered":"<p>Taekwondo MooDo Loppi Ry Sivustoltamme l\u00f6yd\u00e4t yleist\u00e4 tietoa Taekwondosta sek\u00e4 Lopen Taekwondoseuran toiminnasta. Lopen Taekwondoseura palvelee kaikkia lajista kiinnostuneita paikkakunnasta riippumatta. Tervetuloa tutustumaan ja kokeilemaan hienoa Korealaista kamppailulajia! Viimeisimm\u00e4t artikkelit Taekwondo Moodo Loppi Ry:n vuosikokous 7.6.2025 Suomen Taekwondo Unionin (STU) mustan vy\u00f6n koe To 12.6.2025 Taekwondo Moodo Loppi Ry esitt\u00e4ytyy Lopen torilla MA 26.5.2025 Onnea &hellip; <a href=\"https:\/\/taekwondo-loppi.fi\/\" class=\"more-link\">Continue reading<span class=\"screen-reader-text\"> &#8221;Etusivu&#8221;<\/span><\/a><\/p>\n","protected":false},"author":1,"featured_media":0,"parent":0,"menu_order":0,"comment_status":"closed","ping_status":"closed","template":"","meta":{"footnotes":""},"class_list":["post-2","page","type-page","status-publish","hentry"],"_links":{"self":[{"href":"https:\/\/taekwondo-loppi.fi\/index.php?rest_route=\/wp\/v2\/pages\/2","targetHints":{"allow":["GET"]}}],"collection":[{"href":"https:\/\/taekwondo-loppi.fi\/index.php?rest_route=\/wp\/v2\/pages"}],"about":[{"href":"https:\/\/taekwondo-loppi.fi\/index.php?rest_route=\/wp\/v2\/types\/page"}],"author":[{"embeddable":true,"href":"https:\/\/taekwondo-loppi.fi\/index.php?rest_route=\/wp\/v2\/users\/1"}],"replies":[{"embeddable":true,"href":"https:\/\/taekwondo-loppi.fi\/index.php?rest_route=%2Fwp%2Fv2%2Fcomments&post=2"}],"version-history":[{"count":8,"href":"https:\/\/taekwondo-loppi.fi\/index.php?rest_route=\/wp\/v2\/pages\/2\/revisions"}],"predecessor-version":[{"id":340,"href":"https:\/\/taekwondo-loppi.fi\/index.php?rest_route=\/wp\/v2\/pages\/2\/revisions\/340"}],"wp:attachment":[{"href":"https:\/\/taekwondo-loppi.fi\/index.php?rest_route=%2Fwp%2Fv2%2Fmedia&parent=2"}],"curies":[{"name":"wp","href":"https:\/\/api.w.org\/{rel}","templated":true}]}}